{"id":3811,"date":"2022-04-07T17:07:44","date_gmt":"2022-04-07T15:07:44","guid":{"rendered":"https:\/\/esg.polenergia.pl\/en\/?page_id=3811"},"modified":"2022-04-07T17:07:44","modified_gmt":"2022-04-07T15:07:44","slug":"informacje-o-organizacjach-pomagajacych-ukrainie-oraz-inne-przydatne-miejsca-gdzie-warto-zasiegnac-informacji","status":"publish","type":"page","link":"https:\/\/esg.polenergia.pl\/en\/informacje-o-organizacjach-pomagajacych-ukrainie-oraz-inne-przydatne-miejsca-gdzie-warto-zasiegnac-informacji\/","title":{"rendered":"Informacje o organizacjach pomagaj\u0105cych Ukrainie oraz inne przydatne miejsca, gdzie warto zasi\u0119gn\u0105\u0107 informacji:"},"content":{"rendered":"","protected":false},"excerpt":{"rendered":"","protected":false},"author":2,"featured_media":0,"parent":0,"menu_order":0,"comment_status":"closed","ping_status":"closed","template":"templates\/template-subpage.php","meta":{"_acf_changed":false,"footnotes":""},"dictionary":[],"class_list":["post-3811","page","type-page","status-publish","hentry"],"acf":[],"yoast_head":"<!-- This site is optimized with the Yoast SEO plugin v27.4 - https:\/\/yoast.com\/product\/yoast-seo-wordpress\/ -->\n<title>Informacje o organizacjach pomagaj\u0105cych Ukrainie oraz inne przydatne miejsca, gdzie warto zasi\u0119gn\u0105\u0107 informacji: - ESG Service<\/title>\n<meta name=\"robots\" content=\"index, follow, max-snippet:-1, max-image-preview:large, max-video-preview:-1\" \/>\n<link rel=\"canonical\" href=\"https:\/\/esg.polenergia.pl\/en\/informacje-o-organizacjach-pomagajacych-ukrainie-oraz-inne-przydatne-miejsca-gdzie-warto-zasiegnac-informacji\/\" \/>\n<meta property=\"og:locale\" content=\"en_US\" \/>\n<meta property=\"og:type\" content=\"article\" \/>\n<meta property=\"og:title\" content=\"Informacje o organizacjach pomagaj\u0105cych Ukrainie oraz inne przydatne miejsca, gdzie warto zasi\u0119gn\u0105\u0107 informacji: - ESG Service\" \/>\n<meta property=\"og:url\" content=\"https:\/\/esg.polenergia.pl\/en\/informacje-o-organizacjach-pomagajacych-ukrainie-oraz-inne-przydatne-miejsca-gdzie-warto-zasiegnac-informacji\/\" \/>\n<meta property=\"og:site_name\" content=\"ESG Service\" \/>\n<meta property=\"og:image\" content=\"https:\/\/esg.polenergia.pl\/en\/wp-content\/uploads\/sites\/17\/2023\/04\/polenergiaESGmockupEN.jpg\" \/>\n\t<meta property=\"og:image:width\" content=\"1920\" \/>\n\t<meta property=\"og:image:height\" content=\"1080\" \/>\n\t<meta property=\"og:image:type\" content=\"image\/jpeg\" \/>\n<meta name=\"twitter:card\" content=\"summary_large_image\" \/>\n<script type=\"application\/ld+json\" class=\"yoast-schema-graph\">{\"@context\":\"https:\\\/\\\/schema.org\",\"@graph\":[{\"@type\":\"WebPage\",\"@id\":\"https:\\\/\\\/esg.polenergia.pl\\\/en\\\/informacje-o-organizacjach-pomagajacych-ukrainie-oraz-inne-przydatne-miejsca-gdzie-warto-zasiegnac-informacji\\\/\",\"url\":\"https:\\\/\\\/esg.polenergia.pl\\\/en\\\/informacje-o-organizacjach-pomagajacych-ukrainie-oraz-inne-przydatne-miejsca-gdzie-warto-zasiegnac-informacji\\\/\",\"name\":\"Informacje o organizacjach pomagaj\u0105cych Ukrainie oraz inne przydatne miejsca, gdzie warto zasi\u0119gn\u0105\u0107 informacji: - ESG Service\",\"isPartOf\":{\"@id\":\"https:\\\/\\\/esg.polenergia.pl\\\/en\\\/#website\"},\"datePublished\":\"2022-04-07T15:07:44+00:00\",\"inLanguage\":\"en-US\",\"potentialAction\":[{\"@type\":\"ReadAction\",\"target\":[\"https:\\\/\\\/esg.polenergia.pl\\\/en\\\/informacje-o-organizacjach-pomagajacych-ukrainie-oraz-inne-przydatne-miejsca-gdzie-warto-zasiegnac-informacji\\\/\"]}]},{\"@type\":\"WebSite\",\"@id\":\"https:\\\/\\\/esg.polenergia.pl\\\/en\\\/#website\",\"url\":\"https:\\\/\\\/esg.polenergia.pl\\\/en\\\/\",\"name\":\"ESG Service\",\"description\":\"I would like to invite you to visit our interactive ESG website where we describe our activities and initiatives related to the sustainable development of the Polenergia Group, including our activities with respect to local communities, biodiversity, climate education or the development and support of the Group&#039;s employees.\",\"potentialAction\":[{\"@type\":\"SearchAction\",\"target\":{\"@type\":\"EntryPoint\",\"urlTemplate\":\"https:\\\/\\\/esg.polenergia.pl\\\/en\\\/?s={search_term_string}\"},\"query-input\":{\"@type\":\"PropertyValueSpecification\",\"valueRequired\":true,\"valueName\":\"search_term_string\"}}],\"inLanguage\":\"en-US\"}]}<\/script>\n<!-- \/ Yoast SEO plugin. -->","yoast_head_json":{"title":"Informacje o organizacjach pomagaj\u0105cych Ukrainie oraz inne przydatne miejsca, gdzie warto zasi\u0119gn\u0105\u0107 informacji: - ESG Service","robots":{"index":"index","follow":"follow","max-snippet":"max-snippet:-1","max-image-preview":"max-image-preview:large","max-video-preview":"max-video-preview:-1"},"canonical":"https:\/\/esg.polenergia.pl\/en\/informacje-o-organizacjach-pomagajacych-ukrainie-oraz-inne-przydatne-miejsca-gdzie-warto-zasiegnac-informacji\/","og_locale":"en_US","og_type":"article","og_title":"Informacje o organizacjach pomagaj\u0105cych Ukrainie oraz inne przydatne miejsca, gdzie warto zasi\u0119gn\u0105\u0107 informacji: - ESG Service","og_url":"https:\/\/esg.polenergia.pl\/en\/informacje-o-organizacjach-pomagajacych-ukrainie-oraz-inne-przydatne-miejsca-gdzie-warto-zasiegnac-informacji\/","og_site_name":"ESG Service","og_image":[{"width":1920,"height":1080,"url":"https:\/\/esg.polenergia.pl\/en\/wp-content\/uploads\/sites\/17\/2023\/04\/polenergiaESGmockupEN.jpg","type":"image\/jpeg"}],"twitter_card":"summary_large_image","schema":{"@context":"https:\/\/schema.org","@graph":[{"@type":"WebPage","@id":"https:\/\/esg.polenergia.pl\/en\/informacje-o-organizacjach-pomagajacych-ukrainie-oraz-inne-przydatne-miejsca-gdzie-warto-zasiegnac-informacji\/","url":"https:\/\/esg.polenergia.pl\/en\/informacje-o-organizacjach-pomagajacych-ukrainie-oraz-inne-przydatne-miejsca-gdzie-warto-zasiegnac-informacji\/","name":"Informacje o organizacjach pomagaj\u0105cych Ukrainie oraz inne przydatne miejsca, gdzie warto zasi\u0119gn\u0105\u0107 informacji: - ESG Service","isPartOf":{"@id":"https:\/\/esg.polenergia.pl\/en\/#website"},"datePublished":"2022-04-07T15:07:44+00:00","inLanguage":"en-US","potentialAction":[{"@type":"ReadAction","target":["https:\/\/esg.polenergia.pl\/en\/informacje-o-organizacjach-pomagajacych-ukrainie-oraz-inne-przydatne-miejsca-gdzie-warto-zasiegnac-informacji\/"]}]},{"@type":"WebSite","@id":"https:\/\/esg.polenergia.pl\/en\/#website","url":"https:\/\/esg.polenergia.pl\/en\/","name":"ESG Service","description":"I would like to invite you to visit our interactive ESG website where we describe our activities and initiatives related to the sustainable development of the Polenergia Group, including our activities with respect to local communities, biodiversity, climate education or the development and support of the Group&#039;s employees.","potentialAction":[{"@type":"SearchAction","target":{"@type":"EntryPoint","urlTemplate":"https:\/\/esg.polenergia.pl\/en\/?s={search_term_string}"},"query-input":{"@type":"PropertyValueSpecification","valueRequired":true,"valueName":"search_term_string"}}],"inLanguage":"en-US"}]}},"_links":{"self":[{"href":"https:\/\/esg.polenergia.pl\/en\/wp-json\/wp\/v2\/pages\/3811","targetHints":{"allow":["GET"]}}],"collection":[{"href":"https:\/\/esg.polenergia.pl\/en\/wp-json\/wp\/v2\/pages"}],"about":[{"href":"https:\/\/esg.polenergia.pl\/en\/wp-json\/wp\/v2\/types\/page"}],"author":[{"embeddable":true,"href":"https:\/\/esg.polenergia.pl\/en\/wp-json\/wp\/v2\/users\/2"}],"replies":[{"embeddable":true,"href":"https:\/\/esg.polenergia.pl\/en\/wp-json\/wp\/v2\/comments?post=3811"}],"version-history":[{"count":1,"href":"https:\/\/esg.polenergia.pl\/en\/wp-json\/wp\/v2\/pages\/3811\/revisions"}],"predecessor-version":[{"id":3812,"href":"https:\/\/esg.polenergia.pl\/en\/wp-json\/wp\/v2\/pages\/3811\/revisions\/3812"}],"wp:attachment":[{"href":"https:\/\/esg.polenergia.pl\/en\/wp-json\/wp\/v2\/media?parent=3811"}],"wp:term":[{"taxonomy":"dictionary","embeddable":true,"href":"https:\/\/esg.polenergia.pl\/en\/wp-json\/wp\/v2\/dictionary?post=3811"}],"curies":[{"name":"wp","href":"https:\/\/api.w.org\/{rel}","templated":true}]}}