{"id":6142,"date":"2023-03-29T09:09:10","date_gmt":"2023-03-29T07:09:10","guid":{"rendered":"https:\/\/esg.polenergia.pl\/2022\/?page_id=6142"},"modified":"2025-04-09T15:46:41","modified_gmt":"2025-04-09T13:46:41","slug":"cel-1-koniec-z-ubostwem","status":"publish","type":"page","link":"https:\/\/esg.polenergia.pl\/2022\/cel-1-koniec-z-ubostwem\/","title":{"rendered":"Cel 1 &#8211; Wyeliminowa\u0107 ub\u00f3stwo na ca\u0142ym \u015bwiecie"},"content":{"rendered":"","protected":false},"excerpt":{"rendered":"","protected":false},"author":1,"featured_media":0,"parent":0,"menu_order":0,"comment_status":"closed","ping_status":"closed","template":"templates\/template-subpage.php","meta":{"_acf_changed":false,"footnotes":""},"dictionary":[],"class_list":["post-6142","page","type-page","status-publish","hentry"],"acf":[],"yoast_head":"<!-- This site is optimized with the Yoast SEO plugin v27.1.1 - https:\/\/yoast.com\/product\/yoast-seo-wordpress\/ -->\n<title>Cel 1 - Wyeliminowa\u0107 ub\u00f3stwo na ca\u0142ym \u015bwiecie - Serwis ESG 2022<\/title>\n<meta name=\"robots\" content=\"index, follow, max-snippet:-1, max-image-preview:large, max-video-preview:-1\" \/>\n<link rel=\"canonical\" href=\"https:\/\/esg.polenergia.pl\/2022\/cel-1-koniec-z-ubostwem\/\" \/>\n<meta property=\"og:locale\" content=\"pl_PL\" \/>\n<meta property=\"og:type\" content=\"article\" \/>\n<meta property=\"og:title\" content=\"Cel 1 - Wyeliminowa\u0107 ub\u00f3stwo na ca\u0142ym \u015bwiecie - Serwis ESG 2022\" \/>\n<meta property=\"og:url\" content=\"https:\/\/esg.polenergia.pl\/2022\/cel-1-koniec-z-ubostwem\/\" \/>\n<meta property=\"og:site_name\" content=\"Serwis ESG 2022\" \/>\n<meta property=\"article:modified_time\" content=\"2025-04-09T13:46:41+00:00\" \/>\n<meta property=\"og:image\" content=\"https:\/\/esg.polenergia.pl\/2022\/wp-content\/uploads\/sites\/10\/2023\/04\/polenergiaESGmockupPL.jpg\" \/>\n\t<meta property=\"og:image:width\" content=\"1920\" \/>\n\t<meta property=\"og:image:height\" content=\"1080\" \/>\n\t<meta property=\"og:image:type\" content=\"image\/jpeg\" \/>\n<meta name=\"twitter:card\" content=\"summary_large_image\" \/>\n<script type=\"application\/ld+json\" class=\"yoast-schema-graph\">{\"@context\":\"https:\/\/schema.org\",\"@graph\":[{\"@type\":\"WebPage\",\"@id\":\"https:\/\/esg.polenergia.pl\/2022\/cel-1-koniec-z-ubostwem\/\",\"url\":\"https:\/\/esg.polenergia.pl\/2022\/cel-1-koniec-z-ubostwem\/\",\"name\":\"Cel 1 - Wyeliminowa\u0107 ub\u00f3stwo na ca\u0142ym \u015bwiecie - Serwis ESG 2022\",\"isPartOf\":{\"@id\":\"https:\/\/esg.polenergia.pl\/2022\/#website\"},\"datePublished\":\"2023-03-29T07:09:10+00:00\",\"dateModified\":\"2025-04-09T13:46:41+00:00\",\"inLanguage\":\"pl-PL\",\"potentialAction\":[{\"@type\":\"ReadAction\",\"target\":[\"https:\/\/esg.polenergia.pl\/2022\/cel-1-koniec-z-ubostwem\/\"]}]},{\"@type\":\"WebSite\",\"@id\":\"https:\/\/esg.polenergia.pl\/2022\/#website\",\"url\":\"https:\/\/esg.polenergia.pl\/2022\/\",\"name\":\"Serwis ESG 2022\",\"description\":\"Niniejszy serwis ESG przedstawia dzia\u0142ania Grupy Polenergia w obszarze Zr\u00f3wnowa\u017conego Rozwoju, m.in. w obszarze lokalnych spo\u0142eczno\u015bci, bior\u00f3\u017cnorodno\u015bci, edukacji klimatycznej czy rozwoju i wspierania pracownik\u00f3w Grupy.\",\"potentialAction\":[{\"@type\":\"SearchAction\",\"target\":{\"@type\":\"EntryPoint\",\"urlTemplate\":\"https:\/\/esg.polenergia.pl\/2022\/?s={search_term_string}\"},\"query-input\":{\"@type\":\"PropertyValueSpecification\",\"valueRequired\":true,\"valueName\":\"search_term_string\"}}],\"inLanguage\":\"pl-PL\"}]}<\/script>\n<!-- \/ Yoast SEO plugin. -->","yoast_head_json":{"title":"Cel 1 - Wyeliminowa\u0107 ub\u00f3stwo na ca\u0142ym \u015bwiecie - Serwis ESG 2022","robots":{"index":"index","follow":"follow","max-snippet":"max-snippet:-1","max-image-preview":"max-image-preview:large","max-video-preview":"max-video-preview:-1"},"canonical":"https:\/\/esg.polenergia.pl\/2022\/cel-1-koniec-z-ubostwem\/","og_locale":"pl_PL","og_type":"article","og_title":"Cel 1 - Wyeliminowa\u0107 ub\u00f3stwo na ca\u0142ym \u015bwiecie - Serwis ESG 2022","og_url":"https:\/\/esg.polenergia.pl\/2022\/cel-1-koniec-z-ubostwem\/","og_site_name":"Serwis ESG 2022","article_modified_time":"2025-04-09T13:46:41+00:00","og_image":[{"width":1920,"height":1080,"url":"https:\/\/esg.polenergia.pl\/2022\/wp-content\/uploads\/sites\/10\/2023\/04\/polenergiaESGmockupPL.jpg","type":"image\/jpeg"}],"twitter_card":"summary_large_image","schema":{"@context":"https:\/\/schema.org","@graph":[{"@type":"WebPage","@id":"https:\/\/esg.polenergia.pl\/2022\/cel-1-koniec-z-ubostwem\/","url":"https:\/\/esg.polenergia.pl\/2022\/cel-1-koniec-z-ubostwem\/","name":"Cel 1 - Wyeliminowa\u0107 ub\u00f3stwo na ca\u0142ym \u015bwiecie - Serwis ESG 2022","isPartOf":{"@id":"https:\/\/esg.polenergia.pl\/2022\/#website"},"datePublished":"2023-03-29T07:09:10+00:00","dateModified":"2025-04-09T13:46:41+00:00","inLanguage":"pl-PL","potentialAction":[{"@type":"ReadAction","target":["https:\/\/esg.polenergia.pl\/2022\/cel-1-koniec-z-ubostwem\/"]}]},{"@type":"WebSite","@id":"https:\/\/esg.polenergia.pl\/2022\/#website","url":"https:\/\/esg.polenergia.pl\/2022\/","name":"Serwis ESG 2022","description":"Niniejszy serwis ESG przedstawia dzia\u0142ania Grupy Polenergia w obszarze Zr\u00f3wnowa\u017conego Rozwoju, m.in. w obszarze lokalnych spo\u0142eczno\u015bci, bior\u00f3\u017cnorodno\u015bci, edukacji klimatycznej czy rozwoju i wspierania pracownik\u00f3w Grupy.","potentialAction":[{"@type":"SearchAction","target":{"@type":"EntryPoint","urlTemplate":"https:\/\/esg.polenergia.pl\/2022\/?s={search_term_string}"},"query-input":{"@type":"PropertyValueSpecification","valueRequired":true,"valueName":"search_term_string"}}],"inLanguage":"pl-PL"}]}},"_links":{"self":[{"href":"https:\/\/esg.polenergia.pl\/2022\/wp-json\/wp\/v2\/pages\/6142","targetHints":{"allow":["GET"]}}],"collection":[{"href":"https:\/\/esg.polenergia.pl\/2022\/wp-json\/wp\/v2\/pages"}],"about":[{"href":"https:\/\/esg.polenergia.pl\/2022\/wp-json\/wp\/v2\/types\/page"}],"author":[{"embeddable":true,"href":"https:\/\/esg.polenergia.pl\/2022\/wp-json\/wp\/v2\/users\/1"}],"replies":[{"embeddable":true,"href":"https:\/\/esg.polenergia.pl\/2022\/wp-json\/wp\/v2\/comments?post=6142"}],"version-history":[{"count":10,"href":"https:\/\/esg.polenergia.pl\/2022\/wp-json\/wp\/v2\/pages\/6142\/revisions"}],"predecessor-version":[{"id":8018,"href":"https:\/\/esg.polenergia.pl\/2022\/wp-json\/wp\/v2\/pages\/6142\/revisions\/8018"}],"wp:attachment":[{"href":"https:\/\/esg.polenergia.pl\/2022\/wp-json\/wp\/v2\/media?parent=6142"}],"wp:term":[{"taxonomy":"dictionary","embeddable":true,"href":"https:\/\/esg.polenergia.pl\/2022\/wp-json\/wp\/v2\/dictionary?post=6142"}],"curies":[{"name":"wp","href":"https:\/\/api.w.org\/{rel}","templated":true}]}}