{"id":2675,"date":"2022-04-04T12:05:27","date_gmt":"2022-04-04T10:05:27","guid":{"rendered":"https:\/\/esg.polenergia.pl\/2022\/?page_id=2675"},"modified":"2024-03-29T12:09:35","modified_gmt":"2024-03-29T11:09:35","slug":"etyka-i-przeciwdzialanie-korupcji","status":"publish","type":"page","link":"https:\/\/esg.polenergia.pl\/2022\/zarzadzanie\/etyka-i-przeciwdzialanie-korupcji\/","title":{"rendered":"Etyka i przeciwdzia\u0142anie korupcji"},"content":{"rendered":"","protected":false},"excerpt":{"rendered":"","protected":false},"author":2,"featured_media":0,"parent":2667,"menu_order":0,"comment_status":"closed","ping_status":"closed","template":"templates\/template-subpage.php","meta":{"_acf_changed":false,"footnotes":""},"dictionary":[],"class_list":["post-2675","page","type-page","status-publish","hentry"],"acf":[],"yoast_head":"<!-- This site is optimized with the Yoast SEO plugin v27.1.1 - https:\/\/yoast.com\/product\/yoast-seo-wordpress\/ -->\n<title>Etyka i przeciwdzia\u0142anie korupcji - Serwis ESG 2022<\/title>\n<meta name=\"robots\" content=\"index, follow, max-snippet:-1, max-image-preview:large, max-video-preview:-1\" \/>\n<link rel=\"canonical\" href=\"https:\/\/esg.polenergia.pl\/2022\/zarzadzanie\/etyka-i-przeciwdzialanie-korupcji\/\" \/>\n<meta property=\"og:locale\" content=\"pl_PL\" \/>\n<meta property=\"og:type\" content=\"article\" \/>\n<meta property=\"og:title\" content=\"Etyka i przeciwdzia\u0142anie korupcji - Serwis ESG 2022\" \/>\n<meta property=\"og:url\" content=\"https:\/\/esg.polenergia.pl\/2022\/zarzadzanie\/etyka-i-przeciwdzialanie-korupcji\/\" \/>\n<meta property=\"og:site_name\" content=\"Serwis ESG 2022\" \/>\n<meta property=\"article:modified_time\" content=\"2024-03-29T11:09:35+00:00\" \/>\n<meta property=\"og:image\" content=\"https:\/\/esg.polenergia.pl\/2022\/wp-content\/uploads\/sites\/10\/2023\/04\/polenergiaESGmockupPL.jpg\" \/>\n\t<meta property=\"og:image:width\" content=\"1920\" \/>\n\t<meta property=\"og:image:height\" content=\"1080\" \/>\n\t<meta property=\"og:image:type\" content=\"image\/jpeg\" \/>\n<meta name=\"twitter:card\" content=\"summary_large_image\" \/>\n<script type=\"application\/ld+json\" class=\"yoast-schema-graph\">{\"@context\":\"https:\/\/schema.org\",\"@graph\":[{\"@type\":\"WebPage\",\"@id\":\"https:\/\/esg.polenergia.pl\/2022\/zarzadzanie\/etyka-i-przeciwdzialanie-korupcji\/\",\"url\":\"https:\/\/esg.polenergia.pl\/2022\/zarzadzanie\/etyka-i-przeciwdzialanie-korupcji\/\",\"name\":\"Etyka i przeciwdzia\u0142anie korupcji - Serwis ESG 2022\",\"isPartOf\":{\"@id\":\"https:\/\/esg.polenergia.pl\/2022\/#website\"},\"datePublished\":\"2022-04-04T10:05:27+00:00\",\"dateModified\":\"2024-03-29T11:09:35+00:00\",\"breadcrumb\":{\"@id\":\"https:\/\/esg.polenergia.pl\/2022\/zarzadzanie\/etyka-i-przeciwdzialanie-korupcji\/#breadcrumb\"},\"inLanguage\":\"pl-PL\",\"potentialAction\":[{\"@type\":\"ReadAction\",\"target\":[\"https:\/\/esg.polenergia.pl\/2022\/zarzadzanie\/etyka-i-przeciwdzialanie-korupcji\/\"]}]},{\"@type\":\"BreadcrumbList\",\"@id\":\"https:\/\/esg.polenergia.pl\/2022\/zarzadzanie\/etyka-i-przeciwdzialanie-korupcji\/#breadcrumb\",\"itemListElement\":[{\"@type\":\"ListItem\",\"position\":1,\"name\":\"Zarz\u0105dzanie\",\"item\":\"https:\/\/esg.polenergia.pl\/2022\/zarzadzanie\/\"},{\"@type\":\"ListItem\",\"position\":2,\"name\":\"Etyka i przeciwdzia\u0142anie korupcji\"}]},{\"@type\":\"WebSite\",\"@id\":\"https:\/\/esg.polenergia.pl\/2022\/#website\",\"url\":\"https:\/\/esg.polenergia.pl\/2022\/\",\"name\":\"Serwis ESG 2022\",\"description\":\"Niniejszy serwis ESG przedstawia dzia\u0142ania Grupy Polenergia w obszarze Zr\u00f3wnowa\u017conego Rozwoju, m.in. w obszarze lokalnych spo\u0142eczno\u015bci, bior\u00f3\u017cnorodno\u015bci, edukacji klimatycznej czy rozwoju i wspierania pracownik\u00f3w Grupy.\",\"potentialAction\":[{\"@type\":\"SearchAction\",\"target\":{\"@type\":\"EntryPoint\",\"urlTemplate\":\"https:\/\/esg.polenergia.pl\/2022\/?s={search_term_string}\"},\"query-input\":{\"@type\":\"PropertyValueSpecification\",\"valueRequired\":true,\"valueName\":\"search_term_string\"}}],\"inLanguage\":\"pl-PL\"}]}<\/script>\n<!-- \/ Yoast SEO plugin. -->","yoast_head_json":{"title":"Etyka i przeciwdzia\u0142anie korupcji - Serwis ESG 2022","robots":{"index":"index","follow":"follow","max-snippet":"max-snippet:-1","max-image-preview":"max-image-preview:large","max-video-preview":"max-video-preview:-1"},"canonical":"https:\/\/esg.polenergia.pl\/2022\/zarzadzanie\/etyka-i-przeciwdzialanie-korupcji\/","og_locale":"pl_PL","og_type":"article","og_title":"Etyka i przeciwdzia\u0142anie korupcji - Serwis ESG 2022","og_url":"https:\/\/esg.polenergia.pl\/2022\/zarzadzanie\/etyka-i-przeciwdzialanie-korupcji\/","og_site_name":"Serwis ESG 2022","article_modified_time":"2024-03-29T11:09:35+00:00","og_image":[{"width":1920,"height":1080,"url":"https:\/\/esg.polenergia.pl\/2022\/wp-content\/uploads\/sites\/10\/2023\/04\/polenergiaESGmockupPL.jpg","type":"image\/jpeg"}],"twitter_card":"summary_large_image","schema":{"@context":"https:\/\/schema.org","@graph":[{"@type":"WebPage","@id":"https:\/\/esg.polenergia.pl\/2022\/zarzadzanie\/etyka-i-przeciwdzialanie-korupcji\/","url":"https:\/\/esg.polenergia.pl\/2022\/zarzadzanie\/etyka-i-przeciwdzialanie-korupcji\/","name":"Etyka i przeciwdzia\u0142anie korupcji - Serwis ESG 2022","isPartOf":{"@id":"https:\/\/esg.polenergia.pl\/2022\/#website"},"datePublished":"2022-04-04T10:05:27+00:00","dateModified":"2024-03-29T11:09:35+00:00","breadcrumb":{"@id":"https:\/\/esg.polenergia.pl\/2022\/zarzadzanie\/etyka-i-przeciwdzialanie-korupcji\/#breadcrumb"},"inLanguage":"pl-PL","potentialAction":[{"@type":"ReadAction","target":["https:\/\/esg.polenergia.pl\/2022\/zarzadzanie\/etyka-i-przeciwdzialanie-korupcji\/"]}]},{"@type":"BreadcrumbList","@id":"https:\/\/esg.polenergia.pl\/2022\/zarzadzanie\/etyka-i-przeciwdzialanie-korupcji\/#breadcrumb","itemListElement":[{"@type":"ListItem","position":1,"name":"Zarz\u0105dzanie","item":"https:\/\/esg.polenergia.pl\/2022\/zarzadzanie\/"},{"@type":"ListItem","position":2,"name":"Etyka i przeciwdzia\u0142anie korupcji"}]},{"@type":"WebSite","@id":"https:\/\/esg.polenergia.pl\/2022\/#website","url":"https:\/\/esg.polenergia.pl\/2022\/","name":"Serwis ESG 2022","description":"Niniejszy serwis ESG przedstawia dzia\u0142ania Grupy Polenergia w obszarze Zr\u00f3wnowa\u017conego Rozwoju, m.in. w obszarze lokalnych spo\u0142eczno\u015bci, bior\u00f3\u017cnorodno\u015bci, edukacji klimatycznej czy rozwoju i wspierania pracownik\u00f3w Grupy.","potentialAction":[{"@type":"SearchAction","target":{"@type":"EntryPoint","urlTemplate":"https:\/\/esg.polenergia.pl\/2022\/?s={search_term_string}"},"query-input":{"@type":"PropertyValueSpecification","valueRequired":true,"valueName":"search_term_string"}}],"inLanguage":"pl-PL"}]}},"_links":{"self":[{"href":"https:\/\/esg.polenergia.pl\/2022\/wp-json\/wp\/v2\/pages\/2675","targetHints":{"allow":["GET"]}}],"collection":[{"href":"https:\/\/esg.polenergia.pl\/2022\/wp-json\/wp\/v2\/pages"}],"about":[{"href":"https:\/\/esg.polenergia.pl\/2022\/wp-json\/wp\/v2\/types\/page"}],"author":[{"embeddable":true,"href":"https:\/\/esg.polenergia.pl\/2022\/wp-json\/wp\/v2\/users\/2"}],"replies":[{"embeddable":true,"href":"https:\/\/esg.polenergia.pl\/2022\/wp-json\/wp\/v2\/comments?post=2675"}],"version-history":[{"count":10,"href":"https:\/\/esg.polenergia.pl\/2022\/wp-json\/wp\/v2\/pages\/2675\/revisions"}],"predecessor-version":[{"id":7512,"href":"https:\/\/esg.polenergia.pl\/2022\/wp-json\/wp\/v2\/pages\/2675\/revisions\/7512"}],"up":[{"embeddable":true,"href":"https:\/\/esg.polenergia.pl\/2022\/wp-json\/wp\/v2\/pages\/2667"}],"wp:attachment":[{"href":"https:\/\/esg.polenergia.pl\/2022\/wp-json\/wp\/v2\/media?parent=2675"}],"wp:term":[{"taxonomy":"dictionary","embeddable":true,"href":"https:\/\/esg.polenergia.pl\/2022\/wp-json\/wp\/v2\/dictionary?post=2675"}],"curies":[{"name":"wp","href":"https:\/\/api.w.org\/{rel}","templated":true}]}}