{"id":5110,"date":"2023-02-20T16:57:34","date_gmt":"2023-02-20T15:57:34","guid":{"rendered":"https:\/\/esg.polenergia.pl\/2022\/en\/?page_id=5110"},"modified":"2023-02-20T16:57:34","modified_gmt":"2023-02-20T15:57:34","slug":"korzysci-z-projektu","status":"publish","type":"page","link":"https:\/\/esg.polenergia.pl\/2022\/en\/polenergia-group\/business-activity-of-polenergia-group\/generations-assets\/krzecin-wf\/korzysci-z-projektu\/","title":{"rendered":"Korzy\u015bci z projektu"},"content":{"rendered":"<p>Wynikaj\u0105c\u0105 z projektu korzy\u015bci\u0105 dla \u015brodowiska jest zmniejszenie emisji gaz\u00f3w cieplarnianych o ok. 6 890 ton rocznie (Wska\u017aniki emisyjno\u015bci dla energii elektrycznej za rok 2021 opublikowane w grudniu 2022 r. przez KOBIZE).<\/p>\n<p>Opr\u00f3cz redukcji emisji gaz\u00f3w cieplarnianych FW Krz\u0119cin zaowocuje r\u00f3wnie\u017c znacznym \u201eunikni\u0119ciem\u201d emisji powstaj\u0105cych po spalaniu. Przyk\u0142adowo, odpowiednik produkcji energii elektrycznej przez najwi\u0119ksz\u0105 w Polsce elektrowni\u0119 w\u0119glow\u0105 w Kozienicach skutkowa\u0142by nast\u0119puj\u0105cymi ilo\u015bciami emisji<\/p>\n","protected":false},"excerpt":{"rendered":"<p>Wynikaj\u0105c\u0105 z projektu korzy\u015bci\u0105 dla \u015brodowiska jest zmniejszenie emisji gaz\u00f3w cieplarnianych o ok. 6 890 ton rocznie (Wska\u017aniki emisyjno\u015bci dla energii elektrycznej za rok 2021 opublikowane w grudniu 2022 r. przez KOBIZE). Opr\u00f3cz redukcji emisji gaz\u00f3w cieplarnianych FW Krz\u0119cin zaowocuje r\u00f3wnie\u017c znacznym \u201eunikni\u0119ciem\u201d emisji powstaj\u0105cych po spalaniu. Przyk\u0142adowo, odpowiednik produkcji energii elektrycznej przez najwi\u0119ksz\u0105 w [&hellip;]<\/p>\n","protected":false},"author":6,"featured_media":0,"parent":5106,"menu_order":0,"comment_status":"closed","ping_status":"closed","template":"templates\/template-subpage.php","meta":{"_acf_changed":false,"footnotes":""},"dictionary":[],"class_list":["post-5110","page","type-page","status-publish","hentry"],"acf":[],"yoast_head":"<!-- This site is optimized with the Yoast SEO plugin v27.4 - https:\/\/yoast.com\/product\/yoast-seo-wordpress\/ -->\n<title>Korzy\u015bci z projektu - ESG Service 2022<\/title>\n<meta name=\"robots\" content=\"index, follow, max-snippet:-1, max-image-preview:large, max-video-preview:-1\" \/>\n<link rel=\"canonical\" href=\"https:\/\/esg.polenergia.pl\/2022\/en\/polenergia-group\/business-activity-of-polenergia-group\/generations-assets\/krzecin-wf\/korzysci-z-projektu\/\" \/>\n<meta property=\"og:locale\" content=\"en_US\" \/>\n<meta property=\"og:type\" content=\"article\" \/>\n<meta property=\"og:title\" content=\"Korzy\u015bci z projektu - ESG Service 2022\" \/>\n<meta property=\"og:description\" content=\"Wynikaj\u0105c\u0105 z projektu korzy\u015bci\u0105 dla \u015brodowiska jest zmniejszenie emisji gaz\u00f3w cieplarnianych o ok. 6 890 ton rocznie (Wska\u017aniki emisyjno\u015bci dla energii elektrycznej za rok 2021 opublikowane w grudniu 2022 r. przez KOBIZE). Opr\u00f3cz redukcji emisji gaz\u00f3w cieplarnianych FW Krz\u0119cin zaowocuje r\u00f3wnie\u017c znacznym \u201eunikni\u0119ciem\u201d emisji powstaj\u0105cych po spalaniu. Przyk\u0142adowo, odpowiednik produkcji energii elektrycznej przez najwi\u0119ksz\u0105 w [&hellip;]\" \/>\n<meta property=\"og:url\" content=\"https:\/\/esg.polenergia.pl\/2022\/en\/polenergia-group\/business-activity-of-polenergia-group\/generations-assets\/krzecin-wf\/korzysci-z-projektu\/\" \/>\n<meta property=\"og:site_name\" content=\"ESG Service 2022\" \/>\n<meta property=\"og:image\" content=\"https:\/\/esg.polenergia.pl\/2022\/en\/wp-content\/uploads\/sites\/12\/2023\/04\/polenergiaESGmockupEN.jpg\" \/>\n\t<meta property=\"og:image:width\" content=\"1920\" \/>\n\t<meta property=\"og:image:height\" content=\"1080\" \/>\n\t<meta property=\"og:image:type\" content=\"image\/jpeg\" \/>\n<meta name=\"twitter:card\" content=\"summary_large_image\" \/>\n<script type=\"application\/ld+json\" class=\"yoast-schema-graph\">{\"@context\":\"https:\\\/\\\/schema.org\",\"@graph\":[{\"@type\":\"WebPage\",\"@id\":\"https:\\\/\\\/esg.polenergia.pl\\\/2022\\\/en\\\/polenergia-group\\\/business-activity-of-polenergia-group\\\/generations-assets\\\/krzecin-wf\\\/korzysci-z-projektu\\\/\",\"url\":\"https:\\\/\\\/esg.polenergia.pl\\\/2022\\\/en\\\/polenergia-group\\\/business-activity-of-polenergia-group\\\/generations-assets\\\/krzecin-wf\\\/korzysci-z-projektu\\\/\",\"name\":\"Korzy\u015bci z projektu - ESG Service 2022\",\"isPartOf\":{\"@id\":\"https:\\\/\\\/esg.polenergia.pl\\\/2022\\\/en\\\/#website\"},\"datePublished\":\"2023-02-20T15:57:34+00:00\",\"breadcrumb\":{\"@id\":\"https:\\\/\\\/esg.polenergia.pl\\\/2022\\\/en\\\/polenergia-group\\\/business-activity-of-polenergia-group\\\/generations-assets\\\/krzecin-wf\\\/korzysci-z-projektu\\\/#breadcrumb\"},\"inLanguage\":\"en-US\",\"potentialAction\":[{\"@type\":\"ReadAction\",\"target\":[\"https:\\\/\\\/esg.polenergia.pl\\\/2022\\\/en\\\/polenergia-group\\\/business-activity-of-polenergia-group\\\/generations-assets\\\/krzecin-wf\\\/korzysci-z-projektu\\\/\"]}]},{\"@type\":\"BreadcrumbList\",\"@id\":\"https:\\\/\\\/esg.polenergia.pl\\\/2022\\\/en\\\/polenergia-group\\\/business-activity-of-polenergia-group\\\/generations-assets\\\/krzecin-wf\\\/korzysci-z-projektu\\\/#breadcrumb\",\"itemListElement\":[{\"@type\":\"ListItem\",\"position\":1,\"name\":\"Polenergia Group\",\"item\":\"https:\\\/\\\/esg.polenergia.pl\\\/2022\\\/en\\\/polenergia-group\\\/\"},{\"@type\":\"ListItem\",\"position\":2,\"name\":\"Business Activity of Polenergia Group\",\"item\":\"https:\\\/\\\/esg.polenergia.pl\\\/2022\\\/en\\\/polenergia-group\\\/business-activity-of-polenergia-group\\\/\"},{\"@type\":\"ListItem\",\"position\":3,\"name\":\"Generations assets\",\"item\":\"https:\\\/\\\/esg.polenergia.pl\\\/2022\\\/en\\\/polenergia-group\\\/business-activity-of-polenergia-group\\\/generations-assets\\\/\"},{\"@type\":\"ListItem\",\"position\":4,\"name\":\"Krz\u0119cin WF\",\"item\":\"https:\\\/\\\/esg.polenergia.pl\\\/2022\\\/en\\\/polenergia-group\\\/business-activity-of-polenergia-group\\\/generations-assets\\\/krzecin-wf\\\/\"},{\"@type\":\"ListItem\",\"position\":5,\"name\":\"Korzy\u015bci z projektu\"}]},{\"@type\":\"WebSite\",\"@id\":\"https:\\\/\\\/esg.polenergia.pl\\\/2022\\\/en\\\/#website\",\"url\":\"https:\\\/\\\/esg.polenergia.pl\\\/2022\\\/en\\\/\",\"name\":\"ESG Service 2022\",\"description\":\"I would like to invite you to visit our interactive ESG website where we describe our activities and initiatives related to the sustainable development of the Polenergia Group, including our activities with respect to local communities, biodiversity, climate education or the development and support of the Group&#039;s employees.\",\"potentialAction\":[{\"@type\":\"SearchAction\",\"target\":{\"@type\":\"EntryPoint\",\"urlTemplate\":\"https:\\\/\\\/esg.polenergia.pl\\\/2022\\\/en\\\/?s={search_term_string}\"},\"query-input\":{\"@type\":\"PropertyValueSpecification\",\"valueRequired\":true,\"valueName\":\"search_term_string\"}}],\"inLanguage\":\"en-US\"}]}<\/script>\n<!-- \/ Yoast SEO plugin. -->","yoast_head_json":{"title":"Korzy\u015bci z projektu - ESG Service 2022","robots":{"index":"index","follow":"follow","max-snippet":"max-snippet:-1","max-image-preview":"max-image-preview:large","max-video-preview":"max-video-preview:-1"},"canonical":"https:\/\/esg.polenergia.pl\/2022\/en\/polenergia-group\/business-activity-of-polenergia-group\/generations-assets\/krzecin-wf\/korzysci-z-projektu\/","og_locale":"en_US","og_type":"article","og_title":"Korzy\u015bci z projektu - ESG Service 2022","og_description":"Wynikaj\u0105c\u0105 z projektu korzy\u015bci\u0105 dla \u015brodowiska jest zmniejszenie emisji gaz\u00f3w cieplarnianych o ok. 6 890 ton rocznie (Wska\u017aniki emisyjno\u015bci dla energii elektrycznej za rok 2021 opublikowane w grudniu 2022 r. przez KOBIZE). Opr\u00f3cz redukcji emisji gaz\u00f3w cieplarnianych FW Krz\u0119cin zaowocuje r\u00f3wnie\u017c znacznym \u201eunikni\u0119ciem\u201d emisji powstaj\u0105cych po spalaniu. Przyk\u0142adowo, odpowiednik produkcji energii elektrycznej przez najwi\u0119ksz\u0105 w [&hellip;]","og_url":"https:\/\/esg.polenergia.pl\/2022\/en\/polenergia-group\/business-activity-of-polenergia-group\/generations-assets\/krzecin-wf\/korzysci-z-projektu\/","og_site_name":"ESG Service 2022","og_image":[{"width":1920,"height":1080,"url":"https:\/\/esg.polenergia.pl\/2022\/en\/wp-content\/uploads\/sites\/12\/2023\/04\/polenergiaESGmockupEN.jpg","type":"image\/jpeg"}],"twitter_card":"summary_large_image","schema":{"@context":"https:\/\/schema.org","@graph":[{"@type":"WebPage","@id":"https:\/\/esg.polenergia.pl\/2022\/en\/polenergia-group\/business-activity-of-polenergia-group\/generations-assets\/krzecin-wf\/korzysci-z-projektu\/","url":"https:\/\/esg.polenergia.pl\/2022\/en\/polenergia-group\/business-activity-of-polenergia-group\/generations-assets\/krzecin-wf\/korzysci-z-projektu\/","name":"Korzy\u015bci z projektu - ESG Service 2022","isPartOf":{"@id":"https:\/\/esg.polenergia.pl\/2022\/en\/#website"},"datePublished":"2023-02-20T15:57:34+00:00","breadcrumb":{"@id":"https:\/\/esg.polenergia.pl\/2022\/en\/polenergia-group\/business-activity-of-polenergia-group\/generations-assets\/krzecin-wf\/korzysci-z-projektu\/#breadcrumb"},"inLanguage":"en-US","potentialAction":[{"@type":"ReadAction","target":["https:\/\/esg.polenergia.pl\/2022\/en\/polenergia-group\/business-activity-of-polenergia-group\/generations-assets\/krzecin-wf\/korzysci-z-projektu\/"]}]},{"@type":"BreadcrumbList","@id":"https:\/\/esg.polenergia.pl\/2022\/en\/polenergia-group\/business-activity-of-polenergia-group\/generations-assets\/krzecin-wf\/korzysci-z-projektu\/#breadcrumb","itemListElement":[{"@type":"ListItem","position":1,"name":"Polenergia Group","item":"https:\/\/esg.polenergia.pl\/2022\/en\/polenergia-group\/"},{"@type":"ListItem","position":2,"name":"Business Activity of Polenergia Group","item":"https:\/\/esg.polenergia.pl\/2022\/en\/polenergia-group\/business-activity-of-polenergia-group\/"},{"@type":"ListItem","position":3,"name":"Generations assets","item":"https:\/\/esg.polenergia.pl\/2022\/en\/polenergia-group\/business-activity-of-polenergia-group\/generations-assets\/"},{"@type":"ListItem","position":4,"name":"Krz\u0119cin WF","item":"https:\/\/esg.polenergia.pl\/2022\/en\/polenergia-group\/business-activity-of-polenergia-group\/generations-assets\/krzecin-wf\/"},{"@type":"ListItem","position":5,"name":"Korzy\u015bci z projektu"}]},{"@type":"WebSite","@id":"https:\/\/esg.polenergia.pl\/2022\/en\/#website","url":"https:\/\/esg.polenergia.pl\/2022\/en\/","name":"ESG Service 2022","description":"I would like to invite you to visit our interactive ESG website where we describe our activities and initiatives related to the sustainable development of the Polenergia Group, including our activities with respect to local communities, biodiversity, climate education or the development and support of the Group&#039;s employees.","potentialAction":[{"@type":"SearchAction","target":{"@type":"EntryPoint","urlTemplate":"https:\/\/esg.polenergia.pl\/2022\/en\/?s={search_term_string}"},"query-input":{"@type":"PropertyValueSpecification","valueRequired":true,"valueName":"search_term_string"}}],"inLanguage":"en-US"}]}},"_links":{"self":[{"href":"https:\/\/esg.polenergia.pl\/2022\/en\/wp-json\/wp\/v2\/pages\/5110","targetHints":{"allow":["GET"]}}],"collection":[{"href":"https:\/\/esg.polenergia.pl\/2022\/en\/wp-json\/wp\/v2\/pages"}],"about":[{"href":"https:\/\/esg.polenergia.pl\/2022\/en\/wp-json\/wp\/v2\/types\/page"}],"author":[{"embeddable":true,"href":"https:\/\/esg.polenergia.pl\/2022\/en\/wp-json\/wp\/v2\/users\/6"}],"replies":[{"embeddable":true,"href":"https:\/\/esg.polenergia.pl\/2022\/en\/wp-json\/wp\/v2\/comments?post=5110"}],"version-history":[{"count":1,"href":"https:\/\/esg.polenergia.pl\/2022\/en\/wp-json\/wp\/v2\/pages\/5110\/revisions"}],"predecessor-version":[{"id":5111,"href":"https:\/\/esg.polenergia.pl\/2022\/en\/wp-json\/wp\/v2\/pages\/5110\/revisions\/5111"}],"up":[{"embeddable":true,"href":"https:\/\/esg.polenergia.pl\/2022\/en\/wp-json\/wp\/v2\/pages\/5106"}],"wp:attachment":[{"href":"https:\/\/esg.polenergia.pl\/2022\/en\/wp-json\/wp\/v2\/media?parent=5110"}],"wp:term":[{"taxonomy":"dictionary","embeddable":true,"href":"https:\/\/esg.polenergia.pl\/2022\/en\/wp-json\/wp\/v2\/dictionary?post=5110"}],"curies":[{"name":"wp","href":"https:\/\/api.w.org\/{rel}","templated":true}]}}