{"id":3804,"date":"2022-04-07T17:03:05","date_gmt":"2022-04-07T15:03:05","guid":{"rendered":"https:\/\/esg.polenergia.pl\/2021\/?page_id=3804"},"modified":"2022-04-07T17:03:05","modified_gmt":"2022-04-07T15:03:05","slug":"zbiorka-lekow-oraz-materialow-opatrunkowych","status":"publish","type":"page","link":"https:\/\/esg.polenergia.pl\/2021\/zbiorka-lekow-oraz-materialow-opatrunkowych\/","title":{"rendered":"Zbi\u00f3rka lek\u00f3w oraz materia\u0142\u00f3w opatrunkowych"},"content":{"rendered":"","protected":false},"excerpt":{"rendered":"","protected":false},"author":2,"featured_media":0,"parent":0,"menu_order":0,"comment_status":"closed","ping_status":"closed","template":"templates\/template-subpage.php","meta":{"_acf_changed":false,"footnotes":""},"dictionary":[],"class_list":["post-3804","page","type-page","status-publish","hentry"],"acf":[],"yoast_head":"<!-- This site is optimized with the Yoast SEO plugin v27.4 - https:\/\/yoast.com\/product\/yoast-seo-wordpress\/ -->\n<title>Zbi\u00f3rka lek\u00f3w oraz materia\u0142\u00f3w opatrunkowych - Serwis ESG 2021<\/title>\n<meta name=\"robots\" content=\"index, follow, max-snippet:-1, max-image-preview:large, max-video-preview:-1\" \/>\n<link rel=\"canonical\" href=\"https:\/\/esg.polenergia.pl\/2021\/zbiorka-lekow-oraz-materialow-opatrunkowych\/\" \/>\n<meta property=\"og:locale\" content=\"pl_PL\" \/>\n<meta property=\"og:type\" content=\"article\" \/>\n<meta property=\"og:title\" content=\"Zbi\u00f3rka lek\u00f3w oraz materia\u0142\u00f3w opatrunkowych - Serwis ESG 2021\" \/>\n<meta property=\"og:url\" content=\"https:\/\/esg.polenergia.pl\/2021\/zbiorka-lekow-oraz-materialow-opatrunkowych\/\" \/>\n<meta property=\"og:site_name\" content=\"Serwis ESG 2021\" \/>\n<meta name=\"twitter:card\" content=\"summary_large_image\" \/>\n<script type=\"application\/ld+json\" class=\"yoast-schema-graph\">{\"@context\":\"https:\\\/\\\/schema.org\",\"@graph\":[{\"@type\":\"WebPage\",\"@id\":\"https:\\\/\\\/esg.polenergia.pl\\\/2021\\\/zbiorka-lekow-oraz-materialow-opatrunkowych\\\/\",\"url\":\"https:\\\/\\\/esg.polenergia.pl\\\/2021\\\/zbiorka-lekow-oraz-materialow-opatrunkowych\\\/\",\"name\":\"Zbi\u00f3rka lek\u00f3w oraz materia\u0142\u00f3w opatrunkowych - Serwis ESG 2021\",\"isPartOf\":{\"@id\":\"https:\\\/\\\/esg.polenergia.pl\\\/2021\\\/#website\"},\"datePublished\":\"2022-04-07T15:03:05+00:00\",\"inLanguage\":\"pl-PL\",\"potentialAction\":[{\"@type\":\"ReadAction\",\"target\":[\"https:\\\/\\\/esg.polenergia.pl\\\/2021\\\/zbiorka-lekow-oraz-materialow-opatrunkowych\\\/\"]}]},{\"@type\":\"WebSite\",\"@id\":\"https:\\\/\\\/esg.polenergia.pl\\\/2021\\\/#website\",\"url\":\"https:\\\/\\\/esg.polenergia.pl\\\/2021\\\/\",\"name\":\"Serwis ESG 2021\",\"description\":\"Serwis ESG\",\"potentialAction\":[{\"@type\":\"SearchAction\",\"target\":{\"@type\":\"EntryPoint\",\"urlTemplate\":\"https:\\\/\\\/esg.polenergia.pl\\\/2021\\\/?s={search_term_string}\"},\"query-input\":{\"@type\":\"PropertyValueSpecification\",\"valueRequired\":true,\"valueName\":\"search_term_string\"}}],\"inLanguage\":\"pl-PL\"}]}<\/script>\n<!-- \/ Yoast SEO plugin. -->","yoast_head_json":{"title":"Zbi\u00f3rka lek\u00f3w oraz materia\u0142\u00f3w opatrunkowych - Serwis ESG 2021","robots":{"index":"index","follow":"follow","max-snippet":"max-snippet:-1","max-image-preview":"max-image-preview:large","max-video-preview":"max-video-preview:-1"},"canonical":"https:\/\/esg.polenergia.pl\/2021\/zbiorka-lekow-oraz-materialow-opatrunkowych\/","og_locale":"pl_PL","og_type":"article","og_title":"Zbi\u00f3rka lek\u00f3w oraz materia\u0142\u00f3w opatrunkowych - Serwis ESG 2021","og_url":"https:\/\/esg.polenergia.pl\/2021\/zbiorka-lekow-oraz-materialow-opatrunkowych\/","og_site_name":"Serwis ESG 2021","twitter_card":"summary_large_image","schema":{"@context":"https:\/\/schema.org","@graph":[{"@type":"WebPage","@id":"https:\/\/esg.polenergia.pl\/2021\/zbiorka-lekow-oraz-materialow-opatrunkowych\/","url":"https:\/\/esg.polenergia.pl\/2021\/zbiorka-lekow-oraz-materialow-opatrunkowych\/","name":"Zbi\u00f3rka lek\u00f3w oraz materia\u0142\u00f3w opatrunkowych - Serwis ESG 2021","isPartOf":{"@id":"https:\/\/esg.polenergia.pl\/2021\/#website"},"datePublished":"2022-04-07T15:03:05+00:00","inLanguage":"pl-PL","potentialAction":[{"@type":"ReadAction","target":["https:\/\/esg.polenergia.pl\/2021\/zbiorka-lekow-oraz-materialow-opatrunkowych\/"]}]},{"@type":"WebSite","@id":"https:\/\/esg.polenergia.pl\/2021\/#website","url":"https:\/\/esg.polenergia.pl\/2021\/","name":"Serwis ESG 2021","description":"Serwis ESG","potentialAction":[{"@type":"SearchAction","target":{"@type":"EntryPoint","urlTemplate":"https:\/\/esg.polenergia.pl\/2021\/?s={search_term_string}"},"query-input":{"@type":"PropertyValueSpecification","valueRequired":true,"valueName":"search_term_string"}}],"inLanguage":"pl-PL"}]}},"_links":{"self":[{"href":"https:\/\/esg.polenergia.pl\/2021\/wp-json\/wp\/v2\/pages\/3804","targetHints":{"allow":["GET"]}}],"collection":[{"href":"https:\/\/esg.polenergia.pl\/2021\/wp-json\/wp\/v2\/pages"}],"about":[{"href":"https:\/\/esg.polenergia.pl\/2021\/wp-json\/wp\/v2\/types\/page"}],"author":[{"embeddable":true,"href":"https:\/\/esg.polenergia.pl\/2021\/wp-json\/wp\/v2\/users\/2"}],"replies":[{"embeddable":true,"href":"https:\/\/esg.polenergia.pl\/2021\/wp-json\/wp\/v2\/comments?post=3804"}],"version-history":[{"count":1,"href":"https:\/\/esg.polenergia.pl\/2021\/wp-json\/wp\/v2\/pages\/3804\/revisions"}],"predecessor-version":[{"id":3805,"href":"https:\/\/esg.polenergia.pl\/2021\/wp-json\/wp\/v2\/pages\/3804\/revisions\/3805"}],"wp:attachment":[{"href":"https:\/\/esg.polenergia.pl\/2021\/wp-json\/wp\/v2\/media?parent=3804"}],"wp:term":[{"taxonomy":"dictionary","embeddable":true,"href":"https:\/\/esg.polenergia.pl\/2021\/wp-json\/wp\/v2\/dictionary?post=3804"}],"curies":[{"name":"wp","href":"https:\/\/api.w.org\/{rel}","templated":true}]}}